{"id":3034,"date":"2024-04-24T17:39:19","date_gmt":"2024-04-24T16:39:19","guid":{"rendered":"http:\/\/adma-med.pl\/?page_id=3034"},"modified":"2024-10-21T22:39:46","modified_gmt":"2024-10-21T21:39:46","slug":"fizjoterapia","status":"publish","type":"page","link":"http:\/\/adma-med.pl\/index.php\/fizjoterapia\/","title":{"rendered":"FIZJOTERAPIA"},"content":{"rendered":"<div class=\"wp-block-image is-style-rounded\">\n<figure class=\"aligncenter size-large is-resized\"><img fetchpriority=\"high\" decoding=\"async\" width=\"1024\" height=\"1024\" src=\"http:\/\/adma-med.pl\/wp-content\/uploads\/2024\/05\/physiotherapy-8626304_1920-1024x1024.jpg\" alt=\"\" class=\"wp-image-3045\" style=\"width:392px;height:auto\" srcset=\"http:\/\/adma-med.pl\/wp-content\/uploads\/2024\/05\/physiotherapy-8626304_1920-1024x1024.jpg 1024w, http:\/\/adma-med.pl\/wp-content\/uploads\/2024\/05\/physiotherapy-8626304_1920-300x300.jpg 300w, http:\/\/adma-med.pl\/wp-content\/uploads\/2024\/05\/physiotherapy-8626304_1920-150x150.jpg 150w, http:\/\/adma-med.pl\/wp-content\/uploads\/2024\/05\/physiotherapy-8626304_1920-768x768.jpg 768w, http:\/\/adma-med.pl\/wp-content\/uploads\/2024\/05\/physiotherapy-8626304_1920-1536x1536.jpg 1536w, http:\/\/adma-med.pl\/wp-content\/uploads\/2024\/05\/physiotherapy-8626304_1920.jpg 1920w\" sizes=\"(max-width: 1024px) 100vw, 1024px\" \/><\/figure>\n<\/div>\n\n\n<hr class=\"wp-block-separator has-alpha-channel-opacity is-style-dots\"\/>\n\n\n\n<h2 class=\"wp-block-heading\">Fizjoterapeuta w Przychodni Adma-Med<\/h2>\n\n\n\n<p>Fizjoterapia to dziedzina medycyny zajmuj\u0105ca si\u0119 leczeniem oraz rehabilitacj\u0105 pacjent\u00f3w z problemami uk\u0142adu ruchu. Fizjoterapeuta pracuje z pacjentami w r\u00f3\u017cnym wieku, pomagaj\u0105c im w powrocie do pe\u0142nej sprawno\u015bci po urazach, operacjach, czy w przypadku przewlek\u0142ych schorze\u0144 narz\u0105du ruchu. W Przychodni Adma-Med pacjenci z Grybowa, Nowego S\u0105cza, Gorlic oraz Krynicy-Zdroju mog\u0105 skorzysta\u0107 z fachowej opieki fizjoterapeutycznej.<\/p>\n\n\n\n<h3 class=\"wp-block-heading\">Jakie problemy zdrowotne diagnozuje i leczy fizjoterapeuta?<\/h3>\n\n\n\n<p>Fizjoterapeuta zajmuje si\u0119 diagnostyk\u0105 i leczeniem schorze\u0144 takich jak:<\/p>\n\n\n\n<ul class=\"wp-block-list\">\n<li>B\u00f3le kr\u0119gos\u0142upa (l\u0119d\u017awiowego, piersiowego, szyjnego),<\/li>\n\n\n\n<li>Urazy sportowe (skr\u0119cenia, zwichni\u0119cia, kontuzje mi\u0119\u015bni),<\/li>\n\n\n\n<li>Rehabilitacja po operacjach ortopedycznych,<\/li>\n\n\n\n<li>Schorzenia staw\u00f3w, np. artroza, stany zapalne,<\/li>\n\n\n\n<li>Rehabilitacja po z\u0142amaniach, skr\u0119ceniach, i innych urazach narz\u0105du ruchu.<\/li>\n<\/ul>\n\n\n\n<h3 class=\"wp-block-heading\">Metody terapii<\/h3>\n\n\n\n<p>Fizjoterapeuci wykorzystuj\u0105 r\u00f3\u017cnorodne techniki terapeutyczne w zale\u017cno\u015bci od potrzeb pacjenta, m.in.:<\/p>\n\n\n\n<ul class=\"wp-block-list\">\n<li>\u0106wiczenia rehabilitacyjne i kinezyterapia \u2013 poprawiaj\u0105 si\u0142\u0119 i zakres ruchu,<\/li>\n\n\n\n<li>Terapia manualna \u2013 r\u0119czne techniki pomagaj\u0105ce w \u0142agodzeniu b\u00f3lu i przywracaniu funkcji narz\u0105du ruchu,<\/li>\n\n\n\n<li>Masa\u017ce lecznicze \u2013 poprawiaj\u0105ce kr\u0105\u017cenie i zmniejszaj\u0105ce napi\u0119cie mi\u0119\u015bniowe,<\/li>\n<\/ul>\n\n\n\n<h3 class=\"wp-block-heading\">Lokalizacja i zasi\u0119g us\u0142ug<\/h3>\n\n\n\n<p>Fizjoterapeuta w Przychodni Adma-Med zajmuje si\u0119 leczeniem r\u00f3\u017cnorodnych schorze\u0144 zwi\u0105zanych z narz\u0105dem ruchu oraz rehabilitacj\u0105 pacjent\u00f3w po urazach i operacjach. W szczeg\u00f3lno\u015bci specjalizuje si\u0119 w terapii os\u00f3b z problemami ortopedycznymi, neurologicznymi oraz przewlek\u0142ymi b\u00f3lami, pomagaj\u0105c pacjentom w odzyskaniu pe\u0142nej sprawno\u015bci fizycznej. Fizjoterapeuta stosuje indywidualne plany rehabilitacyjne, dostosowane do potrzeb pacjenta, obejmuj\u0105ce m.in. \u0107wiczenia ruchowe, masa\u017c, terapie manualne oraz techniki wspomagaj\u0105ce regeneracj\u0119 i popraw\u0119 mobilno\u015bci.<\/p>\n\n\n\n<p>Przychodnia Adma-Med oferuje us\u0142ugi fizjoterapeutyczne dla pacjent\u00f3w z okolic <strong>Grybowa<\/strong>, <strong>Nowego S\u0105cza<\/strong>, <strong>Gorlic<\/strong>, <strong>Krynicy-Zdr\u00f3j<\/strong>, i pobliskich miejscowo\u015bci. <\/p>\n\n\n\n<hr class=\"wp-block-separator has-alpha-channel-opacity\"\/>\n\n\n\n<p>Zapraszamy do kontaktu z Przychodni\u0105 Adma-Med w celu uzyskania szczeg\u00f3\u0142owych informacji oraz um\u00f3wienia wizyt<\/p>\n\n\n\n<p>W naszej przychodni leczy:<\/p>\n\n\n\n<p class=\"has-medium-font-size\"><strong>mgr. fizjoterapii Wioletta Por\u0119bska<\/strong><\/p>\n\n\n<a class=\"maxbutton-6 maxbutton maxbutton-umow-wizyte-online\" title=\"UM\u00d3W WIZYT\u0118\" href=\"http:\/\/adma-med.pl\/index.php\/rejestracja-on-line\/\"><span class='mb-text'>UM\u00d3W WIZYT\u0118<\/span><\/a>\n\n\n<p><\/p>\n","protected":false},"excerpt":{"rendered":"<p>Fizjoterapeuta w Przychodni Adma-Med Fizjoterapia to dziedzina medycyny zajmuj\u0105ca si\u0119 leczeniem oraz rehabilitacj\u0105 pacjent\u00f3w z problemami uk\u0142adu ruchu. Fizjoterapeuta pracuje z pacjentami w r\u00f3\u017cnym wieku, pomagaj\u0105c im w powrocie do pe\u0142nej sprawno\u015bci po urazach, operacjach, czy w przypadku przewlek\u0142ych schorze\u0144 narz\u0105du ruchu. W Przychodni Adma-Med pacjenci z Grybowa, Nowego S\u0105cza, Gorlic oraz Krynicy-Zdroju mog\u0105 skorzysta\u0107&hellip; <\/p>\n","protected":false},"author":1,"featured_media":3039,"parent":0,"menu_order":0,"comment_status":"closed","ping_status":"closed","template":"","meta":{"_monsterinsights_skip_tracking":false,"_monsterinsights_sitenote_active":false,"_monsterinsights_sitenote_note":"","_monsterinsights_sitenote_category":0,"cybocfi_hide_featured_image":"yes","footnotes":""},"class_list":["post-3034","page","type-page","status-publish","has-post-thumbnail","hentry"],"yoast_head":"<!-- This site is optimized with the Yoast SEO plugin v27.5 - https:\/\/yoast.com\/product\/yoast-seo-wordpress\/ -->\n<title>FIZJOTERAPIA - Adma-Med. Przychodnia Lekarska<\/title>\n<meta name=\"description\" content=\"W Przychodni Adma-Med pacjenci z Grybowa, Nowego S\u0105cza, Gorlic oraz Krynicy-Zdroju mog\u0105 skorzysta\u0107 z fachowej opieki fizjoterapeutycznej.\" \/>\n<meta name=\"robots\" content=\"index, follow, max-snippet:-1, max-image-preview:large, max-video-preview:-1\" \/>\n<link rel=\"canonical\" href=\"http:\/\/adma-med.pl\/index.php\/fizjoterapia\/\" \/>\n<meta property=\"og:locale\" content=\"pl_PL\" \/>\n<meta property=\"og:type\" content=\"article\" \/>\n<meta property=\"og:title\" content=\"FIZJOTERAPIA - Adma-Med. Przychodnia Lekarska\" \/>\n<meta property=\"og:description\" content=\"W Przychodni Adma-Med pacjenci z Grybowa, Nowego S\u0105cza, Gorlic oraz Krynicy-Zdroju mog\u0105 skorzysta\u0107 z fachowej opieki fizjoterapeutycznej.\" \/>\n<meta property=\"og:url\" content=\"http:\/\/adma-med.pl\/index.php\/fizjoterapia\/\" \/>\n<meta property=\"og:site_name\" content=\"Adma-Med. Przychodnia Lekarska\" \/>\n<meta property=\"article:publisher\" content=\"https:\/\/www.facebook.com\/admagrybow\/\" \/>\n<meta property=\"article:modified_time\" content=\"2024-10-21T21:39:46+00:00\" \/>\n<meta property=\"og:image\" content=\"http:\/\/adma-med.pl\/wp-content\/uploads\/2024\/04\/pexels-karolina-grabowska-4506162-scaled.jpg\" \/>\n\t<meta property=\"og:image:width\" content=\"2560\" \/>\n\t<meta property=\"og:image:height\" content=\"1707\" \/>\n\t<meta property=\"og:image:type\" content=\"image\/jpeg\" \/>\n<meta name=\"twitter:card\" content=\"summary_large_image\" \/>\n<meta name=\"twitter:label1\" content=\"Szacowany czas czytania\" \/>\n\t<meta name=\"twitter:data1\" content=\"2 minuty\" \/>\n<script type=\"application\/ld+json\" class=\"yoast-schema-graph\">{\"@context\":\"https:\\\/\\\/schema.org\",\"@graph\":[{\"@type\":\"WebPage\",\"@id\":\"http:\\\/\\\/adma-med.pl\\\/index.php\\\/fizjoterapia\\\/\",\"url\":\"http:\\\/\\\/adma-med.pl\\\/index.php\\\/fizjoterapia\\\/\",\"name\":\"FIZJOTERAPIA - Adma-Med. Przychodnia Lekarska\",\"isPartOf\":{\"@id\":\"http:\\\/\\\/adma-med.pl\\\/#website\"},\"primaryImageOfPage\":{\"@id\":\"http:\\\/\\\/adma-med.pl\\\/index.php\\\/fizjoterapia\\\/#primaryimage\"},\"image\":{\"@id\":\"http:\\\/\\\/adma-med.pl\\\/index.php\\\/fizjoterapia\\\/#primaryimage\"},\"thumbnailUrl\":\"http:\\\/\\\/adma-med.pl\\\/wp-content\\\/uploads\\\/2024\\\/04\\\/pexels-karolina-grabowska-4506162-scaled.jpg\",\"datePublished\":\"2024-04-24T16:39:19+00:00\",\"dateModified\":\"2024-10-21T21:39:46+00:00\",\"description\":\"W Przychodni Adma-Med pacjenci z Grybowa, Nowego S\u0105cza, Gorlic oraz Krynicy-Zdroju mog\u0105 skorzysta\u0107 z fachowej opieki fizjoterapeutycznej.\",\"breadcrumb\":{\"@id\":\"http:\\\/\\\/adma-med.pl\\\/index.php\\\/fizjoterapia\\\/#breadcrumb\"},\"inLanguage\":\"pl-PL\",\"potentialAction\":[{\"@type\":\"ReadAction\",\"target\":[\"http:\\\/\\\/adma-med.pl\\\/index.php\\\/fizjoterapia\\\/\"]}]},{\"@type\":\"BreadcrumbList\",\"@id\":\"http:\\\/\\\/adma-med.pl\\\/index.php\\\/fizjoterapia\\\/#breadcrumb\",\"itemListElement\":[{\"@type\":\"ListItem\",\"position\":1,\"name\":\"Strona g\u0142\u00f3wna\",\"item\":\"http:\\\/\\\/adma-med.pl\\\/\"},{\"@type\":\"ListItem\",\"position\":2,\"name\":\"FIZJOTERAPIA\"}]},{\"@type\":\"WebSite\",\"@id\":\"http:\\\/\\\/adma-med.pl\\\/#website\",\"url\":\"http:\\\/\\\/adma-med.pl\\\/\",\"name\":\"Adma-Med. Przychodnia Lekarska\",\"description\":\"\",\"publisher\":{\"@id\":\"http:\\\/\\\/adma-med.pl\\\/#organization\"},\"potentialAction\":[{\"@type\":\"SearchAction\",\"target\":{\"@type\":\"EntryPoint\",\"urlTemplate\":\"http:\\\/\\\/adma-med.pl\\\/?s={search_term_string}\"},\"query-input\":{\"@type\":\"PropertyValueSpecification\",\"valueRequired\":true,\"valueName\":\"search_term_string\"}}],\"inLanguage\":\"pl-PL\"},{\"@type\":\"Organization\",\"@id\":\"http:\\\/\\\/adma-med.pl\\\/#organization\",\"name\":\"Adma-Med. Przychodnia Lekarska\",\"url\":\"http:\\\/\\\/adma-med.pl\\\/\",\"logo\":{\"@type\":\"ImageObject\",\"inLanguage\":\"pl-PL\",\"@id\":\"http:\\\/\\\/adma-med.pl\\\/#\\\/schema\\\/logo\\\/image\\\/\",\"url\":\"http:\\\/\\\/adma-med.pl\\\/wp-content\\\/uploads\\\/2021\\\/05\\\/cropped-logo_ok-01-01.png\",\"contentUrl\":\"http:\\\/\\\/adma-med.pl\\\/wp-content\\\/uploads\\\/2021\\\/05\\\/cropped-logo_ok-01-01.png\",\"width\":434,\"height\":434,\"caption\":\"Adma-Med. Przychodnia Lekarska\"},\"image\":{\"@id\":\"http:\\\/\\\/adma-med.pl\\\/#\\\/schema\\\/logo\\\/image\\\/\"},\"sameAs\":[\"https:\\\/\\\/www.facebook.com\\\/admagrybow\\\/\"]}]}<\/script>\n<!-- \/ Yoast SEO plugin. -->","yoast_head_json":{"title":"FIZJOTERAPIA - Adma-Med. Przychodnia Lekarska","description":"W Przychodni Adma-Med pacjenci z Grybowa, Nowego S\u0105cza, Gorlic oraz Krynicy-Zdroju mog\u0105 skorzysta\u0107 z fachowej opieki fizjoterapeutycznej.","robots":{"index":"index","follow":"follow","max-snippet":"max-snippet:-1","max-image-preview":"max-image-preview:large","max-video-preview":"max-video-preview:-1"},"canonical":"http:\/\/adma-med.pl\/index.php\/fizjoterapia\/","og_locale":"pl_PL","og_type":"article","og_title":"FIZJOTERAPIA - Adma-Med. Przychodnia Lekarska","og_description":"W Przychodni Adma-Med pacjenci z Grybowa, Nowego S\u0105cza, Gorlic oraz Krynicy-Zdroju mog\u0105 skorzysta\u0107 z fachowej opieki fizjoterapeutycznej.","og_url":"http:\/\/adma-med.pl\/index.php\/fizjoterapia\/","og_site_name":"Adma-Med. Przychodnia Lekarska","article_publisher":"https:\/\/www.facebook.com\/admagrybow\/","article_modified_time":"2024-10-21T21:39:46+00:00","og_image":[{"width":2560,"height":1707,"url":"http:\/\/adma-med.pl\/wp-content\/uploads\/2024\/04\/pexels-karolina-grabowska-4506162-scaled.jpg","type":"image\/jpeg"}],"twitter_card":"summary_large_image","twitter_misc":{"Szacowany czas czytania":"2 minuty"},"schema":{"@context":"https:\/\/schema.org","@graph":[{"@type":"WebPage","@id":"http:\/\/adma-med.pl\/index.php\/fizjoterapia\/","url":"http:\/\/adma-med.pl\/index.php\/fizjoterapia\/","name":"FIZJOTERAPIA - Adma-Med. Przychodnia Lekarska","isPartOf":{"@id":"http:\/\/adma-med.pl\/#website"},"primaryImageOfPage":{"@id":"http:\/\/adma-med.pl\/index.php\/fizjoterapia\/#primaryimage"},"image":{"@id":"http:\/\/adma-med.pl\/index.php\/fizjoterapia\/#primaryimage"},"thumbnailUrl":"http:\/\/adma-med.pl\/wp-content\/uploads\/2024\/04\/pexels-karolina-grabowska-4506162-scaled.jpg","datePublished":"2024-04-24T16:39:19+00:00","dateModified":"2024-10-21T21:39:46+00:00","description":"W Przychodni Adma-Med pacjenci z Grybowa, Nowego S\u0105cza, Gorlic oraz Krynicy-Zdroju mog\u0105 skorzysta\u0107 z fachowej opieki fizjoterapeutycznej.","breadcrumb":{"@id":"http:\/\/adma-med.pl\/index.php\/fizjoterapia\/#breadcrumb"},"inLanguage":"pl-PL","potentialAction":[{"@type":"ReadAction","target":["http:\/\/adma-med.pl\/index.php\/fizjoterapia\/"]}]},{"@type":"BreadcrumbList","@id":"http:\/\/adma-med.pl\/index.php\/fizjoterapia\/#breadcrumb","itemListElement":[{"@type":"ListItem","position":1,"name":"Strona g\u0142\u00f3wna","item":"http:\/\/adma-med.pl\/"},{"@type":"ListItem","position":2,"name":"FIZJOTERAPIA"}]},{"@type":"WebSite","@id":"http:\/\/adma-med.pl\/#website","url":"http:\/\/adma-med.pl\/","name":"Adma-Med. Przychodnia Lekarska","description":"","publisher":{"@id":"http:\/\/adma-med.pl\/#organization"},"potentialAction":[{"@type":"SearchAction","target":{"@type":"EntryPoint","urlTemplate":"http:\/\/adma-med.pl\/?s={search_term_string}"},"query-input":{"@type":"PropertyValueSpecification","valueRequired":true,"valueName":"search_term_string"}}],"inLanguage":"pl-PL"},{"@type":"Organization","@id":"http:\/\/adma-med.pl\/#organization","name":"Adma-Med. Przychodnia Lekarska","url":"http:\/\/adma-med.pl\/","logo":{"@type":"ImageObject","inLanguage":"pl-PL","@id":"http:\/\/adma-med.pl\/#\/schema\/logo\/image\/","url":"http:\/\/adma-med.pl\/wp-content\/uploads\/2021\/05\/cropped-logo_ok-01-01.png","contentUrl":"http:\/\/adma-med.pl\/wp-content\/uploads\/2021\/05\/cropped-logo_ok-01-01.png","width":434,"height":434,"caption":"Adma-Med. Przychodnia Lekarska"},"image":{"@id":"http:\/\/adma-med.pl\/#\/schema\/logo\/image\/"},"sameAs":["https:\/\/www.facebook.com\/admagrybow\/"]}]}},"jetpack_sharing_enabled":true,"_links":{"self":[{"href":"http:\/\/adma-med.pl\/index.php\/wp-json\/wp\/v2\/pages\/3034","targetHints":{"allow":["GET"]}}],"collection":[{"href":"http:\/\/adma-med.pl\/index.php\/wp-json\/wp\/v2\/pages"}],"about":[{"href":"http:\/\/adma-med.pl\/index.php\/wp-json\/wp\/v2\/types\/page"}],"author":[{"embeddable":true,"href":"http:\/\/adma-med.pl\/index.php\/wp-json\/wp\/v2\/users\/1"}],"replies":[{"embeddable":true,"href":"http:\/\/adma-med.pl\/index.php\/wp-json\/wp\/v2\/comments?post=3034"}],"version-history":[{"count":8,"href":"http:\/\/adma-med.pl\/index.php\/wp-json\/wp\/v2\/pages\/3034\/revisions"}],"predecessor-version":[{"id":3465,"href":"http:\/\/adma-med.pl\/index.php\/wp-json\/wp\/v2\/pages\/3034\/revisions\/3465"}],"wp:featuredmedia":[{"embeddable":true,"href":"http:\/\/adma-med.pl\/index.php\/wp-json\/wp\/v2\/media\/3039"}],"wp:attachment":[{"href":"http:\/\/adma-med.pl\/index.php\/wp-json\/wp\/v2\/media?parent=3034"}],"curies":[{"name":"wp","href":"https:\/\/api.w.org\/{rel}","templated":true}]}}