{"id":2472,"date":"2021-01-21T22:27:53","date_gmt":"2021-01-21T21:27:53","guid":{"rendered":"http:\/\/10.0.30.199\/adma\/?page_id=2472"},"modified":"2021-01-27T22:57:00","modified_gmt":"2021-01-27T21:57:00","slug":"uslugi","status":"publish","type":"page","link":"http:\/\/adma-med.pl\/index.php\/uslugi\/","title":{"rendered":"Us\u0142ugi"},"content":{"rendered":"\n<div class=\"wp-block-columns is-layout-flex wp-container-core-columns-is-layout-9d6595d7 wp-block-columns-is-layout-flex\">\n<div class=\"wp-block-column is-layout-flow wp-block-column-is-layout-flow\">\n<figure class=\"wp-block-image size-large\"><img fetchpriority=\"high\" decoding=\"async\" width=\"1024\" height=\"681\" src=\"http:\/\/adma-med.pl\/wp-content\/uploads\/2021\/01\/Ultrasound_Transducer-1024x681.jpg\" alt=\"\" class=\"wp-image-2486\" srcset=\"http:\/\/adma-med.pl\/wp-content\/uploads\/2021\/01\/Ultrasound_Transducer-1024x681.jpg 1024w, http:\/\/adma-med.pl\/wp-content\/uploads\/2021\/01\/Ultrasound_Transducer-300x200.jpg 300w, http:\/\/adma-med.pl\/wp-content\/uploads\/2021\/01\/Ultrasound_Transducer-768x511.jpg 768w, http:\/\/adma-med.pl\/wp-content\/uploads\/2021\/01\/Ultrasound_Transducer-1536x1021.jpg 1536w, http:\/\/adma-med.pl\/wp-content\/uploads\/2021\/01\/Ultrasound_Transducer-2048x1362.jpg 2048w\" sizes=\"(max-width: 1024px) 100vw, 1024px\" \/><\/figure>\n<\/div>\n\n\n\n<div class=\"wp-block-column is-layout-flow wp-block-column-is-layout-flow\">\n<ul class=\"wp-block-list\"><li>USG jamy brzusznej<\/li><li>USG staw\u00f3w biodrowych u niemowl\u0105t<\/li><li>USG staw\u00f3w<\/li><li>USG \u015bci\u0119gien<\/li><\/ul>\n\n\n<a class=\"maxbutton-3 maxbutton maxbutton-umow-wizyte\" href=\"tel:+48-18-445-06-79\"><span class='mb-text'>Um\u00f3w Wizyt\u0119<\/span><\/a>\n<\/div>\n<\/div>\n\n\n\n<ul class=\"wp-block-list\"><li><\/li><\/ul>\n","protected":false},"excerpt":{"rendered":"<p>USG jamy brzusznej USG staw\u00f3w biodrowych u niemowl\u0105t USG staw\u00f3w USG \u015bci\u0119gien<\/p>\n","protected":false},"author":1,"featured_media":0,"parent":0,"menu_order":0,"comment_status":"closed","ping_status":"closed","template":"","meta":{"_monsterinsights_skip_tracking":false,"_monsterinsights_sitenote_active":false,"_monsterinsights_sitenote_note":"","_monsterinsights_sitenote_category":0,"cybocfi_hide_featured_image":"","footnotes":""},"class_list":["post-2472","page","type-page","status-publish","hentry"],"yoast_head":"<!-- This site is optimized with the Yoast SEO plugin v27.5 - https:\/\/yoast.com\/product\/yoast-seo-wordpress\/ -->\n<title>Us\u0142ugi - Adma-Med. Przychodnia Lekarska<\/title>\n<meta name=\"robots\" content=\"index, follow, max-snippet:-1, max-image-preview:large, max-video-preview:-1\" \/>\n<link rel=\"canonical\" href=\"https:\/\/adma-med.pl\/index.php\/uslugi\/\" \/>\n<meta property=\"og:locale\" content=\"pl_PL\" \/>\n<meta property=\"og:type\" content=\"article\" \/>\n<meta property=\"og:title\" content=\"Us\u0142ugi - Adma-Med. Przychodnia Lekarska\" \/>\n<meta property=\"og:description\" content=\"USG jamy brzusznej USG staw\u00f3w biodrowych u niemowl\u0105t USG staw\u00f3w USG \u015bci\u0119gien\" \/>\n<meta property=\"og:url\" content=\"https:\/\/adma-med.pl\/index.php\/uslugi\/\" \/>\n<meta property=\"og:site_name\" content=\"Adma-Med. Przychodnia Lekarska\" \/>\n<meta property=\"article:publisher\" content=\"https:\/\/www.facebook.com\/admagrybow\/\" \/>\n<meta property=\"article:modified_time\" content=\"2021-01-27T21:57:00+00:00\" \/>\n<meta property=\"og:image\" content=\"http:\/\/adma-med.pl\/wp-content\/uploads\/2021\/01\/Ultrasound_Transducer-1024x681.jpg\" \/>\n<meta name=\"twitter:card\" content=\"summary_large_image\" \/>\n<script type=\"application\/ld+json\" class=\"yoast-schema-graph\">{\"@context\":\"https:\\\/\\\/schema.org\",\"@graph\":[{\"@type\":\"WebPage\",\"@id\":\"https:\\\/\\\/adma-med.pl\\\/index.php\\\/uslugi\\\/\",\"url\":\"https:\\\/\\\/adma-med.pl\\\/index.php\\\/uslugi\\\/\",\"name\":\"Us\u0142ugi - Adma-Med. Przychodnia Lekarska\",\"isPartOf\":{\"@id\":\"http:\\\/\\\/adma-med.pl\\\/#website\"},\"primaryImageOfPage\":{\"@id\":\"https:\\\/\\\/adma-med.pl\\\/index.php\\\/uslugi\\\/#primaryimage\"},\"image\":{\"@id\":\"https:\\\/\\\/adma-med.pl\\\/index.php\\\/uslugi\\\/#primaryimage\"},\"thumbnailUrl\":\"http:\\\/\\\/adma-med.pl\\\/wp-content\\\/uploads\\\/2021\\\/01\\\/Ultrasound_Transducer-1024x681.jpg\",\"datePublished\":\"2021-01-21T21:27:53+00:00\",\"dateModified\":\"2021-01-27T21:57:00+00:00\",\"breadcrumb\":{\"@id\":\"https:\\\/\\\/adma-med.pl\\\/index.php\\\/uslugi\\\/#breadcrumb\"},\"inLanguage\":\"pl-PL\",\"potentialAction\":[{\"@type\":\"ReadAction\",\"target\":[\"https:\\\/\\\/adma-med.pl\\\/index.php\\\/uslugi\\\/\"]}]},{\"@type\":\"ImageObject\",\"inLanguage\":\"pl-PL\",\"@id\":\"https:\\\/\\\/adma-med.pl\\\/index.php\\\/uslugi\\\/#primaryimage\",\"url\":\"http:\\\/\\\/adma-med.pl\\\/wp-content\\\/uploads\\\/2021\\\/01\\\/Ultrasound_Transducer.jpg\",\"contentUrl\":\"http:\\\/\\\/adma-med.pl\\\/wp-content\\\/uploads\\\/2021\\\/01\\\/Ultrasound_Transducer.jpg\",\"width\":2406,\"height\":1600},{\"@type\":\"BreadcrumbList\",\"@id\":\"https:\\\/\\\/adma-med.pl\\\/index.php\\\/uslugi\\\/#breadcrumb\",\"itemListElement\":[{\"@type\":\"ListItem\",\"position\":1,\"name\":\"Strona g\u0142\u00f3wna\",\"item\":\"http:\\\/\\\/adma-med.pl\\\/\"},{\"@type\":\"ListItem\",\"position\":2,\"name\":\"Us\u0142ugi\"}]},{\"@type\":\"WebSite\",\"@id\":\"http:\\\/\\\/adma-med.pl\\\/#website\",\"url\":\"http:\\\/\\\/adma-med.pl\\\/\",\"name\":\"Adma-Med. Przychodnia Lekarska\",\"description\":\"\",\"publisher\":{\"@id\":\"http:\\\/\\\/adma-med.pl\\\/#organization\"},\"potentialAction\":[{\"@type\":\"SearchAction\",\"target\":{\"@type\":\"EntryPoint\",\"urlTemplate\":\"http:\\\/\\\/adma-med.pl\\\/?s={search_term_string}\"},\"query-input\":{\"@type\":\"PropertyValueSpecification\",\"valueRequired\":true,\"valueName\":\"search_term_string\"}}],\"inLanguage\":\"pl-PL\"},{\"@type\":\"Organization\",\"@id\":\"http:\\\/\\\/adma-med.pl\\\/#organization\",\"name\":\"Adma-Med. Przychodnia Lekarska\",\"url\":\"http:\\\/\\\/adma-med.pl\\\/\",\"logo\":{\"@type\":\"ImageObject\",\"inLanguage\":\"pl-PL\",\"@id\":\"http:\\\/\\\/adma-med.pl\\\/#\\\/schema\\\/logo\\\/image\\\/\",\"url\":\"http:\\\/\\\/adma-med.pl\\\/wp-content\\\/uploads\\\/2021\\\/05\\\/cropped-logo_ok-01-01.png\",\"contentUrl\":\"http:\\\/\\\/adma-med.pl\\\/wp-content\\\/uploads\\\/2021\\\/05\\\/cropped-logo_ok-01-01.png\",\"width\":434,\"height\":434,\"caption\":\"Adma-Med. Przychodnia Lekarska\"},\"image\":{\"@id\":\"http:\\\/\\\/adma-med.pl\\\/#\\\/schema\\\/logo\\\/image\\\/\"},\"sameAs\":[\"https:\\\/\\\/www.facebook.com\\\/admagrybow\\\/\"]}]}<\/script>\n<!-- \/ Yoast SEO plugin. -->","yoast_head_json":{"title":"Us\u0142ugi - Adma-Med. Przychodnia Lekarska","robots":{"index":"index","follow":"follow","max-snippet":"max-snippet:-1","max-image-preview":"max-image-preview:large","max-video-preview":"max-video-preview:-1"},"canonical":"https:\/\/adma-med.pl\/index.php\/uslugi\/","og_locale":"pl_PL","og_type":"article","og_title":"Us\u0142ugi - Adma-Med. Przychodnia Lekarska","og_description":"USG jamy brzusznej USG staw\u00f3w biodrowych u niemowl\u0105t USG staw\u00f3w USG \u015bci\u0119gien","og_url":"https:\/\/adma-med.pl\/index.php\/uslugi\/","og_site_name":"Adma-Med. Przychodnia Lekarska","article_publisher":"https:\/\/www.facebook.com\/admagrybow\/","article_modified_time":"2021-01-27T21:57:00+00:00","og_image":[{"url":"http:\/\/adma-med.pl\/wp-content\/uploads\/2021\/01\/Ultrasound_Transducer-1024x681.jpg","type":"","width":"","height":""}],"twitter_card":"summary_large_image","schema":{"@context":"https:\/\/schema.org","@graph":[{"@type":"WebPage","@id":"https:\/\/adma-med.pl\/index.php\/uslugi\/","url":"https:\/\/adma-med.pl\/index.php\/uslugi\/","name":"Us\u0142ugi - Adma-Med. Przychodnia Lekarska","isPartOf":{"@id":"http:\/\/adma-med.pl\/#website"},"primaryImageOfPage":{"@id":"https:\/\/adma-med.pl\/index.php\/uslugi\/#primaryimage"},"image":{"@id":"https:\/\/adma-med.pl\/index.php\/uslugi\/#primaryimage"},"thumbnailUrl":"http:\/\/adma-med.pl\/wp-content\/uploads\/2021\/01\/Ultrasound_Transducer-1024x681.jpg","datePublished":"2021-01-21T21:27:53+00:00","dateModified":"2021-01-27T21:57:00+00:00","breadcrumb":{"@id":"https:\/\/adma-med.pl\/index.php\/uslugi\/#breadcrumb"},"inLanguage":"pl-PL","potentialAction":[{"@type":"ReadAction","target":["https:\/\/adma-med.pl\/index.php\/uslugi\/"]}]},{"@type":"ImageObject","inLanguage":"pl-PL","@id":"https:\/\/adma-med.pl\/index.php\/uslugi\/#primaryimage","url":"http:\/\/adma-med.pl\/wp-content\/uploads\/2021\/01\/Ultrasound_Transducer.jpg","contentUrl":"http:\/\/adma-med.pl\/wp-content\/uploads\/2021\/01\/Ultrasound_Transducer.jpg","width":2406,"height":1600},{"@type":"BreadcrumbList","@id":"https:\/\/adma-med.pl\/index.php\/uslugi\/#breadcrumb","itemListElement":[{"@type":"ListItem","position":1,"name":"Strona g\u0142\u00f3wna","item":"http:\/\/adma-med.pl\/"},{"@type":"ListItem","position":2,"name":"Us\u0142ugi"}]},{"@type":"WebSite","@id":"http:\/\/adma-med.pl\/#website","url":"http:\/\/adma-med.pl\/","name":"Adma-Med. Przychodnia Lekarska","description":"","publisher":{"@id":"http:\/\/adma-med.pl\/#organization"},"potentialAction":[{"@type":"SearchAction","target":{"@type":"EntryPoint","urlTemplate":"http:\/\/adma-med.pl\/?s={search_term_string}"},"query-input":{"@type":"PropertyValueSpecification","valueRequired":true,"valueName":"search_term_string"}}],"inLanguage":"pl-PL"},{"@type":"Organization","@id":"http:\/\/adma-med.pl\/#organization","name":"Adma-Med. Przychodnia Lekarska","url":"http:\/\/adma-med.pl\/","logo":{"@type":"ImageObject","inLanguage":"pl-PL","@id":"http:\/\/adma-med.pl\/#\/schema\/logo\/image\/","url":"http:\/\/adma-med.pl\/wp-content\/uploads\/2021\/05\/cropped-logo_ok-01-01.png","contentUrl":"http:\/\/adma-med.pl\/wp-content\/uploads\/2021\/05\/cropped-logo_ok-01-01.png","width":434,"height":434,"caption":"Adma-Med. Przychodnia Lekarska"},"image":{"@id":"http:\/\/adma-med.pl\/#\/schema\/logo\/image\/"},"sameAs":["https:\/\/www.facebook.com\/admagrybow\/"]}]}},"jetpack_sharing_enabled":true,"_links":{"self":[{"href":"http:\/\/adma-med.pl\/index.php\/wp-json\/wp\/v2\/pages\/2472","targetHints":{"allow":["GET"]}}],"collection":[{"href":"http:\/\/adma-med.pl\/index.php\/wp-json\/wp\/v2\/pages"}],"about":[{"href":"http:\/\/adma-med.pl\/index.php\/wp-json\/wp\/v2\/types\/page"}],"author":[{"embeddable":true,"href":"http:\/\/adma-med.pl\/index.php\/wp-json\/wp\/v2\/users\/1"}],"replies":[{"embeddable":true,"href":"http:\/\/adma-med.pl\/index.php\/wp-json\/wp\/v2\/comments?post=2472"}],"version-history":[{"count":5,"href":"http:\/\/adma-med.pl\/index.php\/wp-json\/wp\/v2\/pages\/2472\/revisions"}],"predecessor-version":[{"id":2678,"href":"http:\/\/adma-med.pl\/index.php\/wp-json\/wp\/v2\/pages\/2472\/revisions\/2678"}],"wp:attachment":[{"href":"http:\/\/adma-med.pl\/index.php\/wp-json\/wp\/v2\/media?parent=2472"}],"curies":[{"name":"wp","href":"https:\/\/api.w.org\/{rel}","templated":true}]}}