{"id":2265,"date":"2021-01-11T23:48:40","date_gmt":"2021-01-11T23:48:40","guid":{"rendered":"https:\/\/demo.yudleethemes.com\/mediciti-lite\/?page_id=2265"},"modified":"2024-10-21T22:08:09","modified_gmt":"2024-10-21T21:08:09","slug":"onas","status":"publish","type":"page","link":"http:\/\/adma-med.pl\/index.php\/onas\/","title":{"rendered":"O Nas"},"content":{"rendered":"<div class=\"wp-block-image is-style-rounded\">\n<figure class=\"aligncenter size-large is-resized\"><img fetchpriority=\"high\" decoding=\"async\" width=\"1024\" height=\"680\" src=\"http:\/\/adma-med.pl\/wp-content\/uploads\/2024\/10\/DSC_0068-1024x680.jpg\" alt=\"\" class=\"wp-image-3415\" style=\"width:546px;height:auto\" srcset=\"http:\/\/adma-med.pl\/wp-content\/uploads\/2024\/10\/DSC_0068-1024x680.jpg 1024w, http:\/\/adma-med.pl\/wp-content\/uploads\/2024\/10\/DSC_0068-300x199.jpg 300w, http:\/\/adma-med.pl\/wp-content\/uploads\/2024\/10\/DSC_0068-768x510.jpg 768w, http:\/\/adma-med.pl\/wp-content\/uploads\/2024\/10\/DSC_0068-1536x1020.jpg 1536w, http:\/\/adma-med.pl\/wp-content\/uploads\/2024\/10\/DSC_0068-2048x1360.jpg 2048w\" sizes=\"(max-width: 1024px) 100vw, 1024px\" \/><\/figure>\n<\/div>\n\n\n<hr class=\"wp-block-separator has-alpha-channel-opacity is-style-dots\"\/>\n\n\n\n<p style=\"font-style:normal;font-weight:400\">Prywatne Gabinety Lekarskie ADMA zosta\u0142y za\u0142o\u017cone w 2002 roku w Grybowie przez ma\u0142\u017ce\u0144stwo Mari\u0119 i Adama Krok, odpowiadaj\u0105c na lokalne zapotrzebowanie na prywatne us\u0142ugi medyczne. Pocz\u0105tkowo funkcjonowa\u0142y jako prywatne gabinety, a z biegiem czasu rozszerza\u0142y swoj\u0105 ofert\u0119 i przekszta\u0142ci\u0142y si\u0119 w wi\u0119ksz\u0105 przychodni\u0119, obecnie znan\u0105 pod nazw\u0105 ADMA-MED.<\/p>\n\n\n\n<p style=\"font-style:normal;font-weight:400\">Przychodnia oferuje szeroki zakres us\u0142ug medycznych, takich jak diagnostyka, fizjoterapia, oraz konsultacje u specjalist\u00f3w, m.in. alergologa, ortopedy, laryngologa, ginekologa, czy psychiatry. ADMA-MED dzia\u0142a na ulicy Grunwaldzkiej 36 w Grybowie i przez lata zdoby\u0142a zaufanie pacjent\u00f3w dzi\u0119ki wysokiej jako\u015bci \u015bwiadczonych us\u0142ug medycznych oraz profesjonalnej kadrze\u200b<\/p>\n\n\n\n<p><\/p>\n","protected":false},"excerpt":{"rendered":"<p>Prywatne Gabinety Lekarskie ADMA zosta\u0142y za\u0142o\u017cone w 2002 roku w Grybowie przez ma\u0142\u017ce\u0144stwo Mari\u0119 i Adama Krok, odpowiadaj\u0105c na lokalne zapotrzebowanie na prywatne us\u0142ugi medyczne. Pocz\u0105tkowo funkcjonowa\u0142y jako prywatne gabinety, a z biegiem czasu rozszerza\u0142y swoj\u0105 ofert\u0119 i przekszta\u0142ci\u0142y si\u0119 w wi\u0119ksz\u0105 przychodni\u0119, obecnie znan\u0105 pod nazw\u0105 ADMA-MED. Przychodnia oferuje szeroki zakres us\u0142ug medycznych, takich&hellip; <\/p>\n","protected":false},"author":1,"featured_media":0,"parent":0,"menu_order":0,"comment_status":"closed","ping_status":"closed","template":"","meta":{"_monsterinsights_skip_tracking":false,"_monsterinsights_sitenote_active":false,"_monsterinsights_sitenote_note":"","_monsterinsights_sitenote_category":0,"cybocfi_hide_featured_image":"","footnotes":""},"class_list":["post-2265","page","type-page","status-publish","hentry"],"yoast_head":"<!-- This site is optimized with the Yoast SEO plugin v27.5 - https:\/\/yoast.com\/product\/yoast-seo-wordpress\/ -->\n<title>O Nas - Adma-Med. Przychodnia Lekarska<\/title>\n<meta name=\"robots\" content=\"index, follow, max-snippet:-1, max-image-preview:large, max-video-preview:-1\" \/>\n<link rel=\"canonical\" href=\"https:\/\/adma-med.pl\/index.php\/onas\/\" \/>\n<meta property=\"og:locale\" content=\"pl_PL\" \/>\n<meta property=\"og:type\" content=\"article\" \/>\n<meta property=\"og:title\" content=\"O Nas - Adma-Med. Przychodnia Lekarska\" \/>\n<meta property=\"og:description\" content=\"Prywatne Gabinety Lekarskie ADMA zosta\u0142y za\u0142o\u017cone w 2002 roku w Grybowie przez ma\u0142\u017ce\u0144stwo Mari\u0119 i Adama Krok, odpowiadaj\u0105c na lokalne zapotrzebowanie na prywatne us\u0142ugi medyczne. Pocz\u0105tkowo funkcjonowa\u0142y jako prywatne gabinety, a z biegiem czasu rozszerza\u0142y swoj\u0105 ofert\u0119 i przekszta\u0142ci\u0142y si\u0119 w wi\u0119ksz\u0105 przychodni\u0119, obecnie znan\u0105 pod nazw\u0105 ADMA-MED. Przychodnia oferuje szeroki zakres us\u0142ug medycznych, takich&hellip;\" \/>\n<meta property=\"og:url\" content=\"https:\/\/adma-med.pl\/index.php\/onas\/\" \/>\n<meta property=\"og:site_name\" content=\"Adma-Med. Przychodnia Lekarska\" \/>\n<meta property=\"article:publisher\" content=\"https:\/\/www.facebook.com\/admagrybow\/\" \/>\n<meta property=\"article:modified_time\" content=\"2024-10-21T21:08:09+00:00\" \/>\n<meta property=\"og:image\" content=\"http:\/\/adma-med.pl\/wp-content\/uploads\/2024\/10\/DSC_0068-1024x680.jpg\" \/>\n<meta name=\"twitter:card\" content=\"summary_large_image\" \/>\n<meta name=\"twitter:label1\" content=\"Szacowany czas czytania\" \/>\n\t<meta name=\"twitter:data1\" content=\"1 minuta\" \/>\n<script type=\"application\/ld+json\" class=\"yoast-schema-graph\">{\"@context\":\"https:\\\/\\\/schema.org\",\"@graph\":[{\"@type\":\"WebPage\",\"@id\":\"https:\\\/\\\/adma-med.pl\\\/index.php\\\/onas\\\/\",\"url\":\"https:\\\/\\\/adma-med.pl\\\/index.php\\\/onas\\\/\",\"name\":\"O Nas - Adma-Med. Przychodnia Lekarska\",\"isPartOf\":{\"@id\":\"http:\\\/\\\/adma-med.pl\\\/#website\"},\"primaryImageOfPage\":{\"@id\":\"https:\\\/\\\/adma-med.pl\\\/index.php\\\/onas\\\/#primaryimage\"},\"image\":{\"@id\":\"https:\\\/\\\/adma-med.pl\\\/index.php\\\/onas\\\/#primaryimage\"},\"thumbnailUrl\":\"http:\\\/\\\/adma-med.pl\\\/wp-content\\\/uploads\\\/2024\\\/10\\\/DSC_0068-1024x680.jpg\",\"datePublished\":\"2021-01-11T23:48:40+00:00\",\"dateModified\":\"2024-10-21T21:08:09+00:00\",\"breadcrumb\":{\"@id\":\"https:\\\/\\\/adma-med.pl\\\/index.php\\\/onas\\\/#breadcrumb\"},\"inLanguage\":\"pl-PL\",\"potentialAction\":[{\"@type\":\"ReadAction\",\"target\":[\"https:\\\/\\\/adma-med.pl\\\/index.php\\\/onas\\\/\"]}]},{\"@type\":\"ImageObject\",\"inLanguage\":\"pl-PL\",\"@id\":\"https:\\\/\\\/adma-med.pl\\\/index.php\\\/onas\\\/#primaryimage\",\"url\":\"http:\\\/\\\/adma-med.pl\\\/wp-content\\\/uploads\\\/2024\\\/10\\\/DSC_0068-scaled.jpg\",\"contentUrl\":\"http:\\\/\\\/adma-med.pl\\\/wp-content\\\/uploads\\\/2024\\\/10\\\/DSC_0068-scaled.jpg\",\"width\":2560,\"height\":1700},{\"@type\":\"BreadcrumbList\",\"@id\":\"https:\\\/\\\/adma-med.pl\\\/index.php\\\/onas\\\/#breadcrumb\",\"itemListElement\":[{\"@type\":\"ListItem\",\"position\":1,\"name\":\"Strona g\u0142\u00f3wna\",\"item\":\"http:\\\/\\\/adma-med.pl\\\/\"},{\"@type\":\"ListItem\",\"position\":2,\"name\":\"O Nas\"}]},{\"@type\":\"WebSite\",\"@id\":\"http:\\\/\\\/adma-med.pl\\\/#website\",\"url\":\"http:\\\/\\\/adma-med.pl\\\/\",\"name\":\"Adma-Med. Przychodnia Lekarska\",\"description\":\"\",\"publisher\":{\"@id\":\"http:\\\/\\\/adma-med.pl\\\/#organization\"},\"potentialAction\":[{\"@type\":\"SearchAction\",\"target\":{\"@type\":\"EntryPoint\",\"urlTemplate\":\"http:\\\/\\\/adma-med.pl\\\/?s={search_term_string}\"},\"query-input\":{\"@type\":\"PropertyValueSpecification\",\"valueRequired\":true,\"valueName\":\"search_term_string\"}}],\"inLanguage\":\"pl-PL\"},{\"@type\":\"Organization\",\"@id\":\"http:\\\/\\\/adma-med.pl\\\/#organization\",\"name\":\"Adma-Med. Przychodnia Lekarska\",\"url\":\"http:\\\/\\\/adma-med.pl\\\/\",\"logo\":{\"@type\":\"ImageObject\",\"inLanguage\":\"pl-PL\",\"@id\":\"http:\\\/\\\/adma-med.pl\\\/#\\\/schema\\\/logo\\\/image\\\/\",\"url\":\"http:\\\/\\\/adma-med.pl\\\/wp-content\\\/uploads\\\/2021\\\/05\\\/cropped-logo_ok-01-01.png\",\"contentUrl\":\"http:\\\/\\\/adma-med.pl\\\/wp-content\\\/uploads\\\/2021\\\/05\\\/cropped-logo_ok-01-01.png\",\"width\":434,\"height\":434,\"caption\":\"Adma-Med. Przychodnia Lekarska\"},\"image\":{\"@id\":\"http:\\\/\\\/adma-med.pl\\\/#\\\/schema\\\/logo\\\/image\\\/\"},\"sameAs\":[\"https:\\\/\\\/www.facebook.com\\\/admagrybow\\\/\"]}]}<\/script>\n<!-- \/ Yoast SEO plugin. -->","yoast_head_json":{"title":"O Nas - Adma-Med. Przychodnia Lekarska","robots":{"index":"index","follow":"follow","max-snippet":"max-snippet:-1","max-image-preview":"max-image-preview:large","max-video-preview":"max-video-preview:-1"},"canonical":"https:\/\/adma-med.pl\/index.php\/onas\/","og_locale":"pl_PL","og_type":"article","og_title":"O Nas - Adma-Med. Przychodnia Lekarska","og_description":"Prywatne Gabinety Lekarskie ADMA zosta\u0142y za\u0142o\u017cone w 2002 roku w Grybowie przez ma\u0142\u017ce\u0144stwo Mari\u0119 i Adama Krok, odpowiadaj\u0105c na lokalne zapotrzebowanie na prywatne us\u0142ugi medyczne. Pocz\u0105tkowo funkcjonowa\u0142y jako prywatne gabinety, a z biegiem czasu rozszerza\u0142y swoj\u0105 ofert\u0119 i przekszta\u0142ci\u0142y si\u0119 w wi\u0119ksz\u0105 przychodni\u0119, obecnie znan\u0105 pod nazw\u0105 ADMA-MED. Przychodnia oferuje szeroki zakres us\u0142ug medycznych, takich&hellip;","og_url":"https:\/\/adma-med.pl\/index.php\/onas\/","og_site_name":"Adma-Med. Przychodnia Lekarska","article_publisher":"https:\/\/www.facebook.com\/admagrybow\/","article_modified_time":"2024-10-21T21:08:09+00:00","og_image":[{"url":"http:\/\/adma-med.pl\/wp-content\/uploads\/2024\/10\/DSC_0068-1024x680.jpg","type":"","width":"","height":""}],"twitter_card":"summary_large_image","twitter_misc":{"Szacowany czas czytania":"1 minuta"},"schema":{"@context":"https:\/\/schema.org","@graph":[{"@type":"WebPage","@id":"https:\/\/adma-med.pl\/index.php\/onas\/","url":"https:\/\/adma-med.pl\/index.php\/onas\/","name":"O Nas - Adma-Med. Przychodnia Lekarska","isPartOf":{"@id":"http:\/\/adma-med.pl\/#website"},"primaryImageOfPage":{"@id":"https:\/\/adma-med.pl\/index.php\/onas\/#primaryimage"},"image":{"@id":"https:\/\/adma-med.pl\/index.php\/onas\/#primaryimage"},"thumbnailUrl":"http:\/\/adma-med.pl\/wp-content\/uploads\/2024\/10\/DSC_0068-1024x680.jpg","datePublished":"2021-01-11T23:48:40+00:00","dateModified":"2024-10-21T21:08:09+00:00","breadcrumb":{"@id":"https:\/\/adma-med.pl\/index.php\/onas\/#breadcrumb"},"inLanguage":"pl-PL","potentialAction":[{"@type":"ReadAction","target":["https:\/\/adma-med.pl\/index.php\/onas\/"]}]},{"@type":"ImageObject","inLanguage":"pl-PL","@id":"https:\/\/adma-med.pl\/index.php\/onas\/#primaryimage","url":"http:\/\/adma-med.pl\/wp-content\/uploads\/2024\/10\/DSC_0068-scaled.jpg","contentUrl":"http:\/\/adma-med.pl\/wp-content\/uploads\/2024\/10\/DSC_0068-scaled.jpg","width":2560,"height":1700},{"@type":"BreadcrumbList","@id":"https:\/\/adma-med.pl\/index.php\/onas\/#breadcrumb","itemListElement":[{"@type":"ListItem","position":1,"name":"Strona g\u0142\u00f3wna","item":"http:\/\/adma-med.pl\/"},{"@type":"ListItem","position":2,"name":"O Nas"}]},{"@type":"WebSite","@id":"http:\/\/adma-med.pl\/#website","url":"http:\/\/adma-med.pl\/","name":"Adma-Med. Przychodnia Lekarska","description":"","publisher":{"@id":"http:\/\/adma-med.pl\/#organization"},"potentialAction":[{"@type":"SearchAction","target":{"@type":"EntryPoint","urlTemplate":"http:\/\/adma-med.pl\/?s={search_term_string}"},"query-input":{"@type":"PropertyValueSpecification","valueRequired":true,"valueName":"search_term_string"}}],"inLanguage":"pl-PL"},{"@type":"Organization","@id":"http:\/\/adma-med.pl\/#organization","name":"Adma-Med. Przychodnia Lekarska","url":"http:\/\/adma-med.pl\/","logo":{"@type":"ImageObject","inLanguage":"pl-PL","@id":"http:\/\/adma-med.pl\/#\/schema\/logo\/image\/","url":"http:\/\/adma-med.pl\/wp-content\/uploads\/2021\/05\/cropped-logo_ok-01-01.png","contentUrl":"http:\/\/adma-med.pl\/wp-content\/uploads\/2021\/05\/cropped-logo_ok-01-01.png","width":434,"height":434,"caption":"Adma-Med. Przychodnia Lekarska"},"image":{"@id":"http:\/\/adma-med.pl\/#\/schema\/logo\/image\/"},"sameAs":["https:\/\/www.facebook.com\/admagrybow\/"]}]}},"jetpack_sharing_enabled":true,"_links":{"self":[{"href":"http:\/\/adma-med.pl\/index.php\/wp-json\/wp\/v2\/pages\/2265","targetHints":{"allow":["GET"]}}],"collection":[{"href":"http:\/\/adma-med.pl\/index.php\/wp-json\/wp\/v2\/pages"}],"about":[{"href":"http:\/\/adma-med.pl\/index.php\/wp-json\/wp\/v2\/types\/page"}],"author":[{"embeddable":true,"href":"http:\/\/adma-med.pl\/index.php\/wp-json\/wp\/v2\/users\/1"}],"replies":[{"embeddable":true,"href":"http:\/\/adma-med.pl\/index.php\/wp-json\/wp\/v2\/comments?post=2265"}],"version-history":[{"count":14,"href":"http:\/\/adma-med.pl\/index.php\/wp-json\/wp\/v2\/pages\/2265\/revisions"}],"predecessor-version":[{"id":3421,"href":"http:\/\/adma-med.pl\/index.php\/wp-json\/wp\/v2\/pages\/2265\/revisions\/3421"}],"wp:attachment":[{"href":"http:\/\/adma-med.pl\/index.php\/wp-json\/wp\/v2\/media?parent=2265"}],"curies":[{"name":"wp","href":"https:\/\/api.w.org\/{rel}","templated":true}]}}